{"id":25,"date":"2015-01-14T11:36:25","date_gmt":"2015-01-14T11:36:25","guid":{"rendered":"http:\/\/realize.com.es\/?page_id=25"},"modified":"2015-01-20T15:16:41","modified_gmt":"2015-01-20T15:16:41","slug":"companias-inteligentes","status":"publish","type":"page","link":"https:\/\/realize.com.es\/?page_id=25","title":{"rendered":"Smart companies"},"content":{"rendered":"<p class=\"p1\" style=\"text-align: center;\">\n<iframe loading=\"lazy\" src=\"\/\/www.slideshare.net\/slideshow\/embed_code\/43702433\" width=\"476\" height=\"400\" frameborder=\"0\" marginwidth=\"0\" marginheight=\"0\" scrolling=\"no\"><\/iframe>\n<\/p>\n<p class=\"p1\"><strong><i>KNOW HOW, TALENTO Y CARA\u0301CTER MULTIDISCIPLINAR \u00a0<\/i><i>para transformar ideas innovadoras en beneficio.<\/i><\/strong><\/p>\n<p class=\"p1\"><strong><i>\u00bfC\u00f3mo?<\/i><\/strong><\/p>\n<ul>\n<li><strong><i>Desde las capacidades de la empresa y su estrategia.<\/i><\/strong><\/li>\n<li><strong><i>Con m\u00e9todos propios.<\/i><\/strong><\/li>\n<li><strong><i>Identificando espacios de oportunidad, creando soluciones.<\/i><\/strong><\/li>\n<li><strong><i>Innovadoras, poni\u00e9ndolas en marcha, buscando la financiaci\u00f3n necesaria, llev\u00e1ndolas al mercado.<\/i><\/strong><\/li>\n<\/ul>\n<p class=\"p1\"><b><i>Identificaci\u00f3n de espacios de oportunidad<\/i><\/b><\/p>\n<ul>\n<li><i>An\u00e1lisis de tendencias<\/i><\/li>\n<li><i>Estudios de mercado \/ identificaci\u00f3n de necesidades insatisfechas<\/i><\/li>\n<li><i>Identificaci\u00f3n de elementos diferenciales<\/i><\/li>\n<li><i>An\u00e1lisis de capacidades<\/i><\/li>\n<li><i>Creatividad<\/i><\/li>\n<\/ul>\n<p class=\"p3\"><b><i>Metodolog\u00edas asociadas:<\/i><\/b><\/p>\n<ul>\n<li><i>Dise\u00f1o de escenarios, on line mind maping, seguimiento a referentes, extrapolaciones&#8230;<\/i><\/li>\n<li><i>Palestra (din\u00e1micas con usuarios potenciales), marketing expedicionario&#8230;<\/i><\/li>\n<li><i>An\u00e1lisis de competencias esenciales<\/i><\/li>\n<li><i>An\u00e1lisis del sistema de capitales<\/i><\/li>\n<li><i>Producto extendido, Hibridaci\u00f3n&#8230;<\/i><\/li>\n<\/ul>\n<hr \/>\n<p class=\"p1\"><b><i>Desarrollo de producto\/ proceso\/ servicio<\/i><\/b><\/p>\n<ul>\n<li><i>C<\/i><i>reatividad<\/i><\/li>\n<li><i>Especificaci\u00f3n\u00a0<\/i><\/li>\n<li><i>Dise\u00f1o<\/i><\/li>\n<li><i>C\u00e1lculo\u00a0<\/i><\/li>\n<li><i>Simulaci\u00f3n\u00a0<\/i><\/li>\n<li><i>Prototipos\u00a0<\/i><\/li>\n<li><i>Ciclo de vida de producto<\/i><\/li>\n<li><i>Homologaci\u00f3n<\/i><i>\u00a0<\/i><\/li>\n<\/ul>\n<p class=\"p3\"><b><i>Metodolog\u00edas \/ Herramientas asociadas:<\/i><\/b><\/p>\n<ul>\n<li><i>Germinal, QUIZ\u2026<\/i><\/li>\n<li><i>Cuaderno de especificaciones<\/i><\/li>\n<li><i>Rendering, CAD 3D<\/i><\/li>\n<li><i>CAE, FEA, CFD<\/i><\/li>\n<li><i>CAM \/ fabricaci\u00f3n, impresi\u00f3n 3D<\/i><\/li>\n<li><i>Taller de protipos y pruebas<\/i><\/li>\n<\/ul>\n<hr \/>\n<p class=\"p1\"><b><i>Ingenier\u00eda de Producci\u00f3n<\/i><\/b><\/p>\n<ul>\n<li><i>Definici\u00f3n de procesos productivos<\/i><\/li>\n<li><i>Mejora de procesos\u00a0<\/i><\/li>\n<li><i>Dise\u00f1o planta\u00a0<\/i><\/li>\n<li><i>Automatizaci\u00f3n de procesos<\/i><\/li>\n<li><i>Utillajes\u00a0<\/i><\/li>\n<li><i>Aseguramiento calidad\u00a0<\/i><\/li>\n<li><i>Puesta en marcha llave en mano\u00a0<\/i><\/li>\n<\/ul>\n<hr \/>\n<p class=\"p1\"><b><i>Estrategia \/\u00a0<\/i><\/b><b><i>Modelo de negocio \/ Lanzamiento al mercado<\/i><\/b><\/p>\n<ul>\n<li><i>Branding \/ estrategia y posicionamiento de marca<\/i><\/li>\n<li><i>Dise\u00f1o grafico \/ WEB \/ Soportes<\/i><\/li>\n<li><i>Apoyo en ventas \/ b\u00fasqueda primeros clientes\u00a0<\/i><\/li>\n<\/ul>\n<p class=\"p1\"><b><i>Metodolog\u00edas \/ herramientas asociadas:<\/i><\/b><\/p>\n<ul>\n<li><i>Comportamientos estrat\u00e9gicos<\/i><\/li>\n<li><i>Rapid Business Prototyping<\/i><\/li>\n<li><i>Cuadro de mando<\/i><\/li>\n<li><i>Marketing expedicionario\u00a0<\/i><\/li>\n<li><i>Dise\u00f1o y puesta en marcha de redes de venta (formaci\u00f3n de vendedores)<\/i><\/li>\n<li><i>Medios de venta (cat\u00e1logos, WeB, presentaciones, argumentarios, \u2026)<\/i><\/li>\n<\/ul>\n<hr \/>\n<p class=\"p1\"><b><i>Capitalizaci\u00f3n de la empresa<\/i><\/b><\/p>\n<ul>\n<li><i>Fondos de inversi\u00f3n.<\/i><\/li>\n<li><i>Capital riesgo.<\/i><\/li>\n<li><i>Business Angels.\u00a0<\/i><\/li>\n<\/ul>\n","protected":false},"excerpt":{"rendered":"<p>KNOW HOW, TALENTO Y CARA\u0301CTER MULTIDISCIPLINAR \u00a0para transformar ideas innovadoras en beneficio. \u00bfC\u00f3mo? Desde las capacidades de la empresa y su estrategia. Con m\u00e9todos propios. Identificando espacios de oportunidad, creando soluciones. Innovadoras, poni\u00e9ndolas en marcha, buscando la financiaci\u00f3n necesaria, llev\u00e1ndolas al mercado. Identificaci\u00f3n de espacios de oportunidad An\u00e1lisis de tendencias Estudios de mercado \/ identificaci\u00f3n &hellip; <a href=\"https:\/\/realize.com.es\/?page_id=25\" class=\"more-link\">Seguir leyendo <span class=\"screen-reader-text\">Smart companies<\/span> <span class=\"meta-nav\">&rarr;<\/span><\/a><\/p>\n","protected":false},"author":1,"featured_media":0,"parent":0,"menu_order":0,"comment_status":"open","ping_status":"open","template":"","meta":{"footnotes":""},"_links":{"self":[{"href":"https:\/\/realize.com.es\/index.php?rest_route=\/wp\/v2\/pages\/25"}],"collection":[{"href":"https:\/\/realize.com.es\/index.php?rest_route=\/wp\/v2\/pages"}],"about":[{"href":"https:\/\/realize.com.es\/index.php?rest_route=\/wp\/v2\/types\/page"}],"author":[{"embeddable":true,"href":"https:\/\/realize.com.es\/index.php?rest_route=\/wp\/v2\/users\/1"}],"replies":[{"embeddable":true,"href":"https:\/\/realize.com.es\/index.php?rest_route=%2Fwp%2Fv2%2Fcomments&post=25"}],"version-history":[{"count":4,"href":"https:\/\/realize.com.es\/index.php?rest_route=\/wp\/v2\/pages\/25\/revisions"}],"predecessor-version":[{"id":283,"href":"https:\/\/realize.com.es\/index.php?rest_route=\/wp\/v2\/pages\/25\/revisions\/283"}],"wp:attachment":[{"href":"https:\/\/realize.com.es\/index.php?rest_route=%2Fwp%2Fv2%2Fmedia&parent=25"}],"curies":[{"name":"wp","href":"https:\/\/api.w.org\/{rel}","templated":true}]}}