{"id":31,"date":"2015-01-14T12:41:54","date_gmt":"2015-01-14T12:41:54","guid":{"rendered":"http:\/\/realize.com.es\/?page_id=31"},"modified":"2015-01-20T15:15:51","modified_gmt":"2015-01-20T15:15:51","slug":"smart-territories","status":"publish","type":"page","link":"https:\/\/realize.com.es\/?page_id=31","title":{"rendered":"Smart territories"},"content":{"rendered":"<p style=\"text-align: center;\">\n<iframe loading=\"lazy\" src=\"\/\/www.slideshare.net\/slideshow\/embed_code\/43702435\" width=\"476\" height=\"400\" frameborder=\"0\" marginwidth=\"0\" marginheight=\"0\" scrolling=\"no\"><\/iframe><\/p>\n<p class=\"p1\"><strong><i>KNOW HOW, TALENTO Y CARA\u0301CTER MULTIDISCIPLINAR <\/i><i>para transformar ideas innovadoras en beneficio<\/i><\/strong><\/p>\n<p class=\"p2\"><strong><i>\u00bfC\u00f3mo?<\/i><\/strong><\/p>\n<ul>\n<li><strong><i>Desde la estrategia<\/i><\/strong><\/li>\n<li><strong><i>Con m\u00e9todos propios.<\/i><\/strong><\/li>\n<li><strong><i>Identificando capacidades, analizando cadenas de valor, establecido la identidad, movilizando a la sociedad, desarrollando procesos de construcci\u00f3n com\u00fan.\u00a0<\/i><\/strong><\/li>\n<\/ul>\n<p class=\"p1\"><b><i>Identificaci\u00f3n de espacios de oportunidad<\/i><\/b><\/p>\n<ul>\n<li><i>An\u00e1lisis de tendencias.<\/i><\/li>\n<li><i>Identificaci\u00f3n de elementos diferenciales.<\/i><\/li>\n<li><i>An\u00e1lisis de capacidades.<\/i><\/li>\n<li><i>Desarrollo de la identidad.<\/i><\/li>\n<li><i>Creatividad.<\/i><\/li>\n<\/ul>\n<p class=\"p1\"><b><i>Metodolog\u00edas asociadas:<\/i><\/b><\/p>\n<ul>\n<li><i>Dise\u00f1o de escenarios, on line mind maping extrapolaciones<\/i><\/li>\n<li><i>Palestra (din\u00e1micas participativas),\u00a0<\/i><\/li>\n<li><i>An\u00e1lisis del sistema de capitales<\/i><\/li>\n<li><i>Mapas de productos<\/i><\/li>\n<li><i>Indicadores<\/i><\/li>\n<\/ul>\n<hr \/>\n<p class=\"p1\"><b><i>Estrategia \/\u00a0<\/i><\/b><b><i>Plan de acci\u00f3n<\/i><\/b><\/p>\n<ul>\n<li>Implantaci\u00f3n de modelos de desarrollo estrat\u00e9gico.<\/li>\n<li><i>Branding \/ estrategia y posicionamiento de marca<\/i><\/li>\n<li><i>Dise\u00f1o grafico \/ WEB \/ Soportes<\/i><\/li>\n<li><i>Publicity y gesti\u00f3n de medios<\/i><\/li>\n<\/ul>\n<p class=\"p1\"><b><i>Metodolog\u00edas asociadas:<\/i><\/b><\/p>\n<ul>\n<li><i>Estrategias locales<\/i><\/li>\n<li><i>Modelos de desarrollo local<\/i><\/li>\n<li><i>Road mapping\u00a0<\/i><\/li>\n<li>Modelos de cooperaci\u00f3n.<\/li>\n<\/ul>\n<hr \/>\n<p class=\"p1\"><b><i>Desarrollo local<\/i><\/b><\/p>\n<ul>\n<li><i>Apoyo la la creaci\u00f3n de nuevas empresas y unidades de negocio en los ejes estrategicos del territorio\u00a0<\/i><\/li>\n<li><i>Proyectos de I+D\u00a0<\/i><\/li>\n<li><i>Desarrollo de mercado<\/i><\/li>\n<li><i>Plan financiero<\/i><\/li>\n<\/ul>\n<p>&nbsp;<\/p>\n<p><strong><em>Cliente objetivo<\/em><\/strong><\/p>\n<ul>\n<li><strong><i>Gobiernos\u00a0<\/i><\/strong><\/li>\n<li><strong><i>Estados<\/i><\/strong><\/li>\n<li><strong><i>Comunidades aut\u00f3nomas<\/i><\/strong><\/li>\n<li><strong><i>Regiones<\/i><\/strong><\/li>\n<li><strong><i>Comarcas \/ mancomunidades<\/i><\/strong><\/li>\n<li><strong><i>Ayuntamientos<\/i><\/strong><\/li>\n<\/ul>\n<p>&nbsp;<\/p>\n<p class=\"p2\">\n","protected":false},"excerpt":{"rendered":"<p>KNOW HOW, TALENTO Y CARA\u0301CTER MULTIDISCIPLINAR para transformar ideas innovadoras en beneficio \u00bfC\u00f3mo? Desde la estrategia Con m\u00e9todos propios. Identificando capacidades, analizando cadenas de valor, establecido la identidad, movilizando a la sociedad, desarrollando procesos de construcci\u00f3n com\u00fan.\u00a0 Identificaci\u00f3n de espacios de oportunidad An\u00e1lisis de tendencias. Identificaci\u00f3n de elementos diferenciales. An\u00e1lisis de capacidades. Desarrollo de la &hellip; <a href=\"https:\/\/realize.com.es\/?page_id=31\" class=\"more-link\">Seguir leyendo <span class=\"screen-reader-text\">Smart territories<\/span> <span class=\"meta-nav\">&rarr;<\/span><\/a><\/p>\n","protected":false},"author":1,"featured_media":0,"parent":0,"menu_order":1,"comment_status":"open","ping_status":"open","template":"","meta":{"footnotes":""},"_links":{"self":[{"href":"https:\/\/realize.com.es\/index.php?rest_route=\/wp\/v2\/pages\/31"}],"collection":[{"href":"https:\/\/realize.com.es\/index.php?rest_route=\/wp\/v2\/pages"}],"about":[{"href":"https:\/\/realize.com.es\/index.php?rest_route=\/wp\/v2\/types\/page"}],"author":[{"embeddable":true,"href":"https:\/\/realize.com.es\/index.php?rest_route=\/wp\/v2\/users\/1"}],"replies":[{"embeddable":true,"href":"https:\/\/realize.com.es\/index.php?rest_route=%2Fwp%2Fv2%2Fcomments&post=31"}],"version-history":[{"count":6,"href":"https:\/\/realize.com.es\/index.php?rest_route=\/wp\/v2\/pages\/31\/revisions"}],"predecessor-version":[{"id":131,"href":"https:\/\/realize.com.es\/index.php?rest_route=\/wp\/v2\/pages\/31\/revisions\/131"}],"wp:attachment":[{"href":"https:\/\/realize.com.es\/index.php?rest_route=%2Fwp%2Fv2%2Fmedia&parent=31"}],"curies":[{"name":"wp","href":"https:\/\/api.w.org\/{rel}","templated":true}]}}